{"id":978,"date":"2022-12-22T14:43:18","date_gmt":"2022-12-22T14:43:18","guid":{"rendered":"https:\/\/oliveraconsultores.com.uy\/olivera\/?page_id=978"},"modified":"2023-09-11T16:42:18","modified_gmt":"2023-09-11T16:42:18","slug":"inicio","status":"publish","type":"page","link":"https:\/\/oliveraconsultores.com.uy\/olivera\/","title":{"rendered":"Inicio"},"content":{"rendered":"<section class=\"wpb-content-wrapper\"><p>[vc_row full_width=\u00bbstretch_row\u00bb background_parallax=\u00bbon\u00bb content_color=\u00bbwhite\u00bb bg_overlay=\u00bbon\u00bb color_overlay=\u00bbon\u00bb gradient_overlay=\u00bbon\u00bb dots_overlay=\u00bb\u00bb overlay_type=\u00bblines\u00bb uniqid=\u00bb5c9f1db11d547&#8243; background_image=\u00bb967&#8243; css=\u00bb.vc_custom_1678140060051{padding-top: 60px !important;padding-bottom: 55px !important;}\u00bb el_id=\u00bbs_top\u00bb color_overlay_opacity=\u00bb70&#8243;][vc_column width=\u00bb5\/6&#8243; offset=\u00bbvc_col-lg-offset-1 vc_col-lg-10 vc_col-md-12&#8243; uniqid=\u00bb63a2f68ada3d2&#8243;][vc_empty_space]    <div class=\"heading-block heading-5c9f1e20e8c49 tal h-h3\">\r\n                        <h3 class=\"h\">Bienvenidos<\/h3>\r\n                  <\/div>\r\n    [vc_empty_space][vc_column_text el_class=\u00bbtext-t1&#8243;]<\/p>\n<div>\n<div>La globalizaci\u00f3n de la econom\u00eda ha llevado a las empresas a contar con mercados m\u00e1s competitivos, demand\u00e1ndoles mayores recursos para implementar mejoras en sus productos y servicios, as\u00ed como para el desarrollo de nuevos.<\/div>\n<div><\/div>\n<\/div>\n<div>En este escenario, contar con asesores profesionales, proactivos e independientes, es una de las claves del \u00e9xito para las empresas.<\/div>\n<div><\/div>\n<div>Nuestra misi\u00f3n es brindar soluciones inteligentes, permitiendo a nuestros clientes optimizar sus recursos, orient\u00e1ndolos a maximizar los resultados de su negocio.<\/div>\n<p>[\/vc_column_text][vc_empty_space el_id=\u00bbs_empresa\u00bb][\/vc_column][\/vc_row][vc_row full_width=\u00bbstretch_row\u00bb equal_height=\u00bbyes\u00bb content_placement=\u00bbmiddle\u00bb css_animation=\u00bbnone\u00bb background_parallax=\u00bb\u00bb content_color=\u00bbwhite\u00bb bg_overlay=\u00bb\u00bb uniqid=\u00bb5c9fb52759516&#8243; css=\u00bb.vc_custom_1694450258199{padding-top: 15px !important;padding-bottom: 35px !important;}\u00bb][vc_column css_animation=\u00bbnone\u00bb width=\u00bb1\/2&#8243; offset=\u00bbvc_col-md-5&#8243;]    <div class=\"heading-block heading-5c9fb38d6118e tal h-h3\">\r\n                        <h3 class=\"h\">La Empresa<\/h3>\r\n                  <\/div>\r\n    [vc_column_text css=\u00bb.vc_custom_1671643985292{margin-bottom: 15px !important;}\u00bb]<span style=\"font-size: 14px; font-weight: 200; color: #333333;\">Nuestro estudio surge por la necesidad de plasmar en un proyecto personal, la conjunci\u00f3n de ideas y experiencias obtenidas en nuestra profesi\u00f3n, enfatizando la vocaci\u00f3n de servicio hacia el cliente e insertarnos juntos con \u00e9l en un proceso de mejora cont\u00ednua.<br \/>\n<\/span><\/p>\n<p><span style=\"font-size: 14px; font-weight: 200; color: #333333;\">Contamos con un staff de profesionales acorde a la calidad de nuestros servicios, el cual se adapta a los requerimientos y exigencias de cada cliente. Lo integran contadores, abogados y escribanos con s\u00f3lida experiencia en asesoramiento empresarial.<\/span><\/p>\n<p><span style=\"font-size: 14px; font-weight: 200; color: #333333;\">La calidad de nuestro asesoramiento profesional est\u00e1 basado en los valores, el trabajo en equipos multidisciplinarios perfectamente integrados y la b\u00fasqueda constante de soluciones alternativas.<\/span>[\/vc_column_text][\/vc_column][vc_column css_animation=\u00bbnone\u00bb width=\u00bb1\/2&#8243; offset=\u00bbvc_col-md-7&#8243;][vc_column_text el_class=\u00bbpo-events-none\u00bb]<\/p>\n<div id=\"image-box-1\"><img decoding=\"async\" class=\"aligncenter\" src=\"https:\/\/oliveraconsultores.com.uy\/olivera\/wp-content\/uploads\/2022\/12\/job-g240886afd_1920.jpg\" alt=\"Laptop\" \/><\/div>\n<p>[\/vc_column_text][\/vc_column][\/vc_row][vc_row full_width=\u00bbstretch_row_content_no_spaces\u00bb css_animation=\u00bbnone\u00bb uniqid=\u00bb63a31926cdc91&#8243; el_id=\u00bbs_servicios\u00bb][vc_column background_parallax=\u00bbon\u00bb uniqid=\u00bb63a312184bf80&#8243; background_image=\u00bb32&#8243; offset=\u00bbvc_col-xs-12&#8243; el_id=\u00bbservices-items\u00bb]    <div class=\"services-items services-items-63a2f9c35c5b2\">\r\n          <article class=\"service-item services-item-63a2fb461e88d\">\r\n      <div class=\"pi-wrap\">\r\n        <div class=\"pi-content\">\r\n                      <div class=\"num\">01<\/div>\r\n                      <div class=\"h\">Auditor\u00eda<\/div>\r\n                      <div class=\"desc\">- Auditor\u00eda de estados contables<br \/>\n- Revisi\u00f3n limitada de estados contables<br \/>\n- Compilaci\u00f3n de estados contables<br \/>\n- Procedimientos de auditor\u00eda previamente acordados<br \/>\n- Revisi\u00f3n de sistemas de control interno<\/div>\r\n                  <\/div>\r\n              <\/div>\r\n    <\/article>\r\n        <article class=\"service-item services-item-63a2f9e21d0d0\">\r\n      <div class=\"pi-wrap\">\r\n        <div class=\"pi-content\">\r\n                      <div class=\"num\">02<\/div>\r\n                      <div class=\"h\">Contable<\/div>\r\n                      <div class=\"desc\">- Contabilidad general de empresas<br \/>\n- Emisi\u00f3n de informaci\u00f3n contable<br \/>\n- Elaboraci\u00f3n de estados contables de acuerdo a normas internacionales (IFRS)<br \/>\n- Elaboraci\u00f3n de presupuestos y an\u00e1lisis de desviaciones<br \/>\n- Conversi\u00f3n de estados contables<br \/>\n- Consolidaci\u00f3n de estados contables<\/div>\r\n                  <\/div>\r\n              <\/div>\r\n    <\/article>\r\n        <article class=\"service-item services-item-63a496bee95aa\">\r\n      <div class=\"pi-wrap\">\r\n        <div class=\"pi-content\">\r\n                      <div class=\"num\">03<\/div>\r\n                      <div class=\"h\">Contable +<\/div>\r\n                      <div class=\"desc\">- Informes de gesti\u00f3n<br \/>\n- Tercerizaci\u00f3n de procesos de cuentas por cobrar y cuentas por pagar<br \/>\n- Tercerizaci\u00f3n de procesos de compra<br \/>\n- Administraci\u00f3n de activos fijos<br \/>\n- Administraci\u00f3n de disponibilidades<br \/>\n- Conciliaciones bancarias<br \/>\n- Cumplimiento de obligaciones formales frente a organismos de control estatales<\/div>\r\n                  <\/div>\r\n              <\/div>\r\n    <\/article>\r\n        <article class=\"service-item services-item-63a2fbc7007dd\">\r\n      <div class=\"pi-wrap\">\r\n        <div class=\"pi-content\">\r\n                      <div class=\"num\">04<\/div>\r\n                      <div class=\"h\">Consultor\u00eda<\/div>\r\n                      <div class=\"desc\">- Reingenier\u00eda de procesos<br \/>\n- Dise\u00f1o y cambio organizacional<br \/>\n- Planeamiento estrat\u00e9gico<br \/>\n- Implementaci\u00f3n de sistemas contables y de informaci\u00f3n<\/div>\r\n                  <\/div>\r\n              <\/div>\r\n    <\/article>\r\n        <article class=\"service-item services-item-63a2fc05c6fb5\">\r\n      <div class=\"pi-wrap\">\r\n        <div class=\"pi-content\">\r\n                      <div class=\"num\">05<\/div>\r\n                      <div class=\"h\">Financiera<\/div>\r\n                      <div class=\"desc\">- Valuaci\u00f3n de empresas<br \/>\n- An\u00e1lisis de rentabilidad<br \/>\n- Elaboraci\u00f3n de proyectos de inversi\u00f3n<br \/>\n- Proyecci\u00f3n de resultados<br \/>\n- Proyecci\u00f3n de flujos de fondos<br \/>\n- Opciones de financiamiento de proyectos de inversi\u00f3n<\/div>\r\n                  <\/div>\r\n              <\/div>\r\n    <\/article>\r\n        <article class=\"service-item services-item-63a2fc427aaa8\">\r\n      <div class=\"pi-wrap\">\r\n        <div class=\"pi-content\">\r\n                      <div class=\"num\">06<\/div>\r\n                      <div class=\"h\">Impuestos<\/div>\r\n                      <div class=\"desc\">- Liquidaci\u00f3n de impuestos<br \/>\n- Elaboraci\u00f3n y revisi\u00f3n de declaraciones juradas<br \/>\n- Planificaci\u00f3n tributaria nacional e internacional<br \/>\n- Auditor\u00edas tributarias<br \/>\n- Asesoramiento en la obtenci\u00f3n de exoneraciones tributarias de acuerdo a leyes de promoci\u00f3n de inversiones<br \/>\n- Cumplimiento de obligaciones formales frente a organismos de control estatales<br \/>\n- Asesoramiento en materia de inspecciones tributarias<\/div>\r\n                  <\/div>\r\n              <\/div>\r\n    <\/article>\r\n        <article class=\"service-item services-item-63a2fcd54c3dd\">\r\n      <div class=\"pi-wrap\">\r\n        <div class=\"pi-content\">\r\n                      <div class=\"num\">07<\/div>\r\n                      <div class=\"h\">Jur\u00eddica y notarial<\/div>\r\n                      <div class=\"desc\">- Contratos comerciales<br \/>\n- Establecimiento de sucursales<br \/>\n- Adquisici\u00f3n de sociedades comerciales sin actividad previa<br \/>\n- Constituci\u00f3n de sociedades comerciales<br \/>\n- Disoluci\u00f3n y liquidaci\u00f3n de sociedades comerciales<\/div>\r\n                  <\/div>\r\n              <\/div>\r\n    <\/article>\r\n        <article class=\"service-item services-item-63a4970f67a26\">\r\n      <div class=\"pi-wrap\">\r\n        <div class=\"pi-content\">\r\n                      <div class=\"num\">08<\/div>\r\n                      <div class=\"h\">Jur\u00eddica y notarial +<\/div>\r\n                      <div class=\"desc\">- Reformas de estatutos de sociedades comerciales<br \/>\n- Cumplimiento de obligaciones legales de sociedades comerciales<br \/>\n- Zonas francas<br \/>\n- Sociedades offshore<br \/>\n- Auditor\u00edas legales<br \/>\n- Asesoramiento notarial en la adquisici\u00f3n de inmuebles<\/div>\r\n                  <\/div>\r\n              <\/div>\r\n    <\/article>\r\n        <article class=\"service-item services-item-63a2fd5bdcf3c\">\r\n      <div class=\"pi-wrap\">\r\n        <div class=\"pi-content\">\r\n                      <div class=\"num\">09<\/div>\r\n                      <div class=\"h\">Recursos Humanos<\/div>\r\n                      <div class=\"desc\">- Liquidaci\u00f3n de remuneraciones<br \/>\n- Implementaci\u00f3n de sistemas de pagos de remuneraciones<br \/>\n- Liquidaci\u00f3n de aportes a la seguridad social<br \/>\n- Elaboraci\u00f3n de contratos laborales<br \/>\n- Cumplimiento de obligaciones formales frente a organismos de control estatales<br \/>\n- Asesoramiento en materia de inspecciones de organismos de control<\/div>\r\n                  <\/div>\r\n              <\/div>\r\n    <\/article>\r\n        <\/div>\r\n    [\/vc_column][\/vc_row][vc_row css_animation=\u00bbnone\u00bb][vc_column el_id=\u00bbs_clientes\u00bb]    <div class=\"heading-block heading-63a2f750a9382 tal h-h3\">\r\n                        <h3 class=\"h\">Clientes<\/h3>\r\n                  <\/div>\r\n    [vc_empty_space][vc_column_text]Desde nuestros inicios como asesores profesionales, hemos integrado equipos de trabajo multidisciplinarios, compartiendo conocimientos con colegas reconocidos profesionalmente en nuestro medio y asesorando empresas nacionales e internacionales de primer nivel.[\/vc_column_text][vc_empty_space][\/vc_column][\/vc_row][vc_row full_width=\u00bbstretch_row_content_no_spaces\u00bb css_animation=\u00bbnone\u00bb background_parallax=\u00bbon\u00bb content_color=\u00bbwhite\u00bb bg_overlay=\u00bbon\u00bb color_overlay=\u00bbon\u00bb gradient_overlay=\u00bbon\u00bb dots_overlay=\u00bb\u00bb overlay_type=\u00bblines\u00bb uniqid=\u00bb64ff38c0d772d\u00bb background_image=\u00bb60&#8243;][vc_column el_id=\u00bbs_contacto\u00bb]    <div class=\"heading-block heading-64ff3963f85d3 tac h-h3\">\r\n                        <div class=\"sub-h\">\u00bfDesea comunicarse con nosotros?<\/div>\r\n                  <h3 class=\"h\"><span>Cont\u00e1ctenos<\/span><\/h3>\r\n                  <\/div>\r\n    [vc_column_text]\n<div class=\"wpcf7 no-js\" id=\"wpcf7-f652-o1\" lang=\"ru-RU\" dir=\"ltr\">\n<div class=\"screen-reader-response\"><p role=\"status\" aria-live=\"polite\" aria-atomic=\"true\"><\/p> <ul><\/ul><\/div>\n<form action=\"\/olivera\/wp-json\/wp\/v2\/pages\/978#wpcf7-f652-o1\" method=\"post\" class=\"wpcf7-form init\" aria-label=\"Formulario de contacto\" novalidate=\"novalidate\" data-status=\"init\">\n<div style=\"display: none;\">\n<input type=\"hidden\" name=\"_wpcf7\" value=\"652\" \/>\n<input type=\"hidden\" name=\"_wpcf7_version\" value=\"5.9.6\" \/>\n<input type=\"hidden\" name=\"_wpcf7_locale\" value=\"ru_RU\" \/>\n<input type=\"hidden\" name=\"_wpcf7_unit_tag\" value=\"wpcf7-f652-o1\" \/>\n<input type=\"hidden\" name=\"_wpcf7_container_post\" value=\"0\" \/>\n<input type=\"hidden\" name=\"_wpcf7_posted_data_hash\" value=\"\" \/>\n<\/div>\n<div class=\"contact-form-style2 row\">\n  <div class=\"col-12 col-md-4\">\n    <span class=\"wpcf7-form-control-wrap\" data-name=\"f-phone\"><input size=\"40\" maxlength=\"80\" class=\"wpcf7-form-control wpcf7-text style2\" aria-invalid=\"false\" placeholder=\"N\u00famero telef\u00f3nico\" value=\"\" type=\"text\" name=\"f-phone\" \/><\/span>\n  <\/div>\n  <div class=\"col-12 col-md-4\">\n    <span class=\"wpcf7-form-control-wrap\" data-name=\"f-email\"><input size=\"40\" maxlength=\"80\" class=\"wpcf7-form-control wpcf7-text style2\" aria-invalid=\"false\" placeholder=\"Direcci\u00f3n de correo electr\u00f3nico\" value=\"\" type=\"text\" name=\"f-email\" \/><\/span>\n  <\/div>\n  <div class=\"col-12 col-md-4\">\n    <span class=\"wpcf7-form-control-wrap\" data-name=\"f-name\"><input size=\"40\" maxlength=\"80\" class=\"wpcf7-form-control wpcf7-text style2\" aria-invalid=\"false\" placeholder=\"Nombre\" value=\"\" type=\"text\" name=\"f-name\" \/><\/span>\n  <\/div>\n  <div class=\"col-12\">\n    <span class=\"wpcf7-form-control-wrap\" data-name=\"f-text\"><textarea cols=\"40\" rows=\"6\" maxlength=\"400\" class=\"wpcf7-form-control wpcf7-textarea style2\" aria-invalid=\"false\" placeholder=\"Mensaje\" name=\"f-text\"><\/textarea><\/span>\n  <\/div>\n  <div class=\"col-12 col-md-4 offset-md-4\">\n    <button class=\"button-style2\" type=\"submit\"><span>Enviar<\/span><i class=\"admin-ui-right-arrow\"><\/i><\/button>\n  <\/div>\n<\/div><div class=\"wpcf7-response-output\" aria-hidden=\"true\"><\/div>\n<\/form>\n<\/div>\n[\/vc_column_text][\/vc_column][\/vc_row][vc_row][vc_column width=\u00bb1\/2&#8243;]    <div class=\"contact-block contact-block-64ff41a1fb46f vc_custom_1694450333050\">\r\n              <h6 class=\"h\">Zonam\u00e9rica<\/h6>\r\n              <div class=\"contact-row\"><i class=\"base-icon-phone-call\"><\/i><span>(+598) 2518 49 24<\/span><\/div>\r\n              <div class=\"contact-row\"><i class=\"base-icon-placeholder\"><\/i><span>Ruta 8 Km 17,500<br \/>\nEdificio Quantum<br \/>\nLocal 505A - Oficina 002<br \/>\nMontevideo - Uruguay<br \/>\nC.P. 91600<\/span><\/div>\r\n          <\/div>\r\n    [\/vc_column][vc_column width=\u00bb1\/2&#8243;]    <div class=\"contact-block contact-block-64ff413a5f433 vc_custom_1694450532042\">\r\n              <h6 class=\"h\">Oficina Carrasco<\/h6>\r\n              <div class=\"contact-row\"><i class=\"base-icon-phone-call\"><\/i><span>(+598) 2602 5423<\/span><\/div>\r\n              <div class=\"contact-row\"><i class=\"base-icon-placeholder\"><\/i><span>Horacio Quiroga 6045<br \/>\nMontevideo - Uruguay<br \/>\nC.P. 11500<\/span><\/div>\r\n          <\/div>\r\n    [\/vc_column][\/vc_row]<\/p>\n<\/section>","protected":false},"excerpt":{"rendered":"<p>[vc_row full_width=\u00bbstretch_row\u00bb background_parallax=\u00bbon\u00bb content_color=\u00bbwhite\u00bb bg_overlay=\u00bbon\u00bb color_overlay=\u00bbon\u00bb gradient_overlay=\u00bbon\u00bb dots_overlay=\u00bb\u00bb overlay_type=\u00bblines\u00bb uniqid=\u00bb5c9f1db11d547&#8243; background_image=\u00bb967&#8243; css=\u00bb.vc_custom_1678140060051{padding-top: 60px !important;padding-bottom: 55px !important;}\u00bb el_id=\u00bbs_top\u00bb color_overlay_opacity=\u00bb70&#8243;][vc_column width=\u00bb5\/6&#8243; offset=\u00bbvc_col-lg-offset-1 vc_col-lg-10 vc_col-md-12&#8243; uniqid=\u00bb63a2f68ada3d2&#8243;][vc_empty_space][vc_empty_space][vc_column_text el_class=\u00bbtext-t1&#8243;] La globalizaci\u00f3n de la econom\u00eda ha llevado a las empresas a contar con mercados m\u00e1s competitivos, demand\u00e1ndoles mayores recursos para implementar mejoras en sus productos y servicios, as\u00ed como para el [&hellip;]<\/p>\n","protected":false},"author":1,"featured_media":0,"parent":0,"menu_order":0,"comment_status":"closed","ping_status":"closed","template":"template-landing.php","meta":{"footnotes":""},"acf":[],"aioseo_notices":[],"_links":{"self":[{"href":"https:\/\/oliveraconsultores.com.uy\/olivera\/wp-json\/wp\/v2\/pages\/978"}],"collection":[{"href":"https:\/\/oliveraconsultores.com.uy\/olivera\/wp-json\/wp\/v2\/pages"}],"about":[{"href":"https:\/\/oliveraconsultores.com.uy\/olivera\/wp-json\/wp\/v2\/types\/page"}],"author":[{"embeddable":true,"href":"https:\/\/oliveraconsultores.com.uy\/olivera\/wp-json\/wp\/v2\/users\/1"}],"replies":[{"embeddable":true,"href":"https:\/\/oliveraconsultores.com.uy\/olivera\/wp-json\/wp\/v2\/comments?post=978"}],"version-history":[{"count":71,"href":"https:\/\/oliveraconsultores.com.uy\/olivera\/wp-json\/wp\/v2\/pages\/978\/revisions"}],"predecessor-version":[{"id":1089,"href":"https:\/\/oliveraconsultores.com.uy\/olivera\/wp-json\/wp\/v2\/pages\/978\/revisions\/1089"}],"wp:attachment":[{"href":"https:\/\/oliveraconsultores.com.uy\/olivera\/wp-json\/wp\/v2\/media?parent=978"}],"curies":[{"name":"wp","href":"https:\/\/api.w.org\/{rel}","templated":true}]}}